{"id":1620,"date":"2020-03-11T14:50:45","date_gmt":"2020-03-11T12:50:45","guid":{"rendered":"https:\/\/ro.ctgaming.com\/licentiere\/"},"modified":"2020-12-10T09:58:24","modified_gmt":"2020-12-10T07:58:24","slug":"licentiere","status":"publish","type":"page","link":"https:\/\/ro.ctgaming.com\/ro\/licentiere\/","title":{"rendered":"Licen\u021biere"},"content":{"rendered":"<p>Accesul la acest web site este permis exclusiv clientilor CT Gaming - S.C. Advanced Technology s.r.l.<\/p>\r\n<p>Termeni \u015fi condi\u0163ii.<\/p>\r\n<p>Utilizarea acestui site respectiv crearea unui cont implic\u0103 faptul c\u0103 sunte\u0163i de acord cu termenii \u015fi condi\u0163iile de mai jos.<\/p>\r\n<p>Accesul \u015fi utilizarea siteului sunt supuse acestor condi\u0163ii, iar utilizarea lui presupune acceptarea f\u0103r\u0103 limit\u0103ri \u015fi interpret\u0103ri a acestor condi\u0163ii.<\/p>\r\n<p>Dac\u0103 nu sunte\u0163i de acord cu ele, v\u0103 rug\u0103m s\u0103 p\u0103r\u0103si\u0163i acest site !!<\/p>\r\n<p>Conditii creare cont :<\/p>\r\n<p>- Utilizatorul care creaza contul reprezinta o firma \/ persoana juridica care are semnate contracte semnate de achizitie sau inchiriere cabinet cu S.C. Advanced Technology s.r.l.;<\/p>\r\n<p>- Utilizatorul pune la dispozitie datele de contact ale firmei \/ persoana juridica pe care o reprezinta;<\/p>\r\n<p>- Utilizatorul\u00a0 nu va distribui informatiile de pe acest web site in afara de firma pe care o reprezinta; <!--more--><\/p>\r\n<p>Politica de confiden\u0163ialitate<\/p>\r\n<p>- Pentru functionarea site-ului colectam urmatoarele date : Nume Firma, Nume Reprezentant, Adresa de e-mail, Numar telefon reprezentant.<\/p>\r\n<p>- Datele colectate sunt folosite exclusiv de S.C.Advanced Technology Innovations S.R.L. fara a fi distribuite altei parti in vederea furnizarii accesului la documentatia necesara certificarii echipamentelor cumparate sau inchiriate la Oficiul National de Jocuri de Noroc si la buletine informative.<\/p>\r\n<p>- Fiecare utilizator are dreptul de acces si de modificare a datelor colectate in cadrul contului de pe web site.<\/p>\r\n<p>- Fiecare utlizator are dreptul ce a cere stergerea contului fara nici o obligatie.<!--more--><\/p>\r\n<p>Aprobare Conturi<\/p>\r\n<p>Fiecare cont este aprobat manual de catre un reprezentant al CT Gaming - S.C. Advanced Technology s.r.l.<\/p>\r\n<p>Procesul de aprobare a contului poate dura pana la 48 de ore, rezprezentantii CT Gaming - S.C. Advanced Technology s.r.l. isi rezerva dreptul de a contacta telefonic utilizatorii pentru verificarea procesului de inregistrare.\u00a0<\/p>\r\n<p>Pentru urgente va rugam sa sunati la 0728146194\u00a0<\/p>","protected":false},"excerpt":{"rendered":"","protected":false},"author":8,"featured_media":0,"parent":0,"menu_order":0,"comment_status":"closed","ping_status":"closed","template":"","meta":{"_et_pb_use_builder":"on","_et_pb_old_content":"","_et_gb_content_width":"","_joinchat":[],"footnotes":""},"folder":[],"class_list":["post-1620","page","type-page","status-publish","hentry"],"_links":{"self":[{"href":"https:\/\/ro.ctgaming.com\/ro\/wp-json\/wp\/v2\/pages\/1620","targetHints":{"allow":["GET"]}}],"collection":[{"href":"https:\/\/ro.ctgaming.com\/ro\/wp-json\/wp\/v2\/pages"}],"about":[{"href":"https:\/\/ro.ctgaming.com\/ro\/wp-json\/wp\/v2\/types\/page"}],"author":[{"embeddable":true,"href":"https:\/\/ro.ctgaming.com\/ro\/wp-json\/wp\/v2\/users\/8"}],"replies":[{"embeddable":true,"href":"https:\/\/ro.ctgaming.com\/ro\/wp-json\/wp\/v2\/comments?post=1620"}],"version-history":[{"count":10,"href":"https:\/\/ro.ctgaming.com\/ro\/wp-json\/wp\/v2\/pages\/1620\/revisions"}],"predecessor-version":[{"id":3672,"href":"https:\/\/ro.ctgaming.com\/ro\/wp-json\/wp\/v2\/pages\/1620\/revisions\/3672"}],"wp:attachment":[{"href":"https:\/\/ro.ctgaming.com\/ro\/wp-json\/wp\/v2\/media?parent=1620"}],"wp:term":[{"taxonomy":"folder","embeddable":true,"href":"https:\/\/ro.ctgaming.com\/ro\/wp-json\/wp\/v2\/folder?post=1620"}],"curies":[{"name":"wp","href":"https:\/\/api.w.org\/{rel}","templated":true}]}}